{"id":104,"date":"2024-10-31T15:11:25","date_gmt":"2024-10-31T15:11:25","guid":{"rendered":"https:\/\/neowines.pt\/?page_id=104"},"modified":"2024-11-28T18:41:27","modified_gmt":"2024-11-28T18:41:27","slug":"adega","status":"publish","type":"page","link":"https:\/\/neowines.pt\/?page_id=104","title":{"rendered":"Adega"},"content":{"rendered":"\t\t<div data-elementor-type=\"wp-page\" data-elementor-id=\"104\" class=\"elementor elementor-104\" data-elementor-post-type=\"page\">\n\t\t\t\t<div class=\"elementor-element elementor-element-751d15c e-flex e-con-boxed e-con e-parent\" data-id=\"751d15c\" data-element_type=\"container\" data-settings=\"{&quot;background_background&quot;:&quot;classic&quot;}\">\n\t\t\t\t\t<div class=\"e-con-inner\">\n\t\t<div class=\"elementor-element elementor-element-9ba95e9 e-con-full e-flex e-con e-child\" data-id=\"9ba95e9\" data-element_type=\"container\">\n\t\t\t\t<div class=\"elementor-element elementor-element-74f7873 elementor-widget elementor-widget-image\" data-id=\"74f7873\" data-element_type=\"widget\" data-widget_type=\"image.default\">\n\t\t\t\t<div class=\"elementor-widget-container\">\n\t\t\t\t\t\t\t\t\t\t\t\t\t<img fetchpriority=\"high\" decoding=\"async\" width=\"800\" height=\"931\" src=\"https:\/\/neowines.pt\/wp-content\/uploads\/2024\/10\/Adega-Xarenga-880x1024.jpg\" class=\"attachment-large size-large wp-image-106\" alt=\"\" srcset=\"https:\/\/neowines.pt\/wp-content\/uploads\/2024\/10\/Adega-Xarenga-880x1024.jpg 880w, https:\/\/neowines.pt\/wp-content\/uploads\/2024\/10\/Adega-Xarenga-258x300.jpg 258w, https:\/\/neowines.pt\/wp-content\/uploads\/2024\/10\/Adega-Xarenga-768x894.jpg 768w, https:\/\/neowines.pt\/wp-content\/uploads\/2024\/10\/Adega-Xarenga.jpg 1124w\" sizes=\"(max-width: 800px) 100vw, 800px\" \/>\t\t\t\t\t\t\t\t\t\t\t\t\t<\/div>\n\t\t\t\t<\/div>\n\t\t\t\t<\/div>\n\t\t<div class=\"elementor-element elementor-element-b85e1aa e-con-full e-flex e-con e-child\" data-id=\"b85e1aa\" data-element_type=\"container\">\n\t\t\t\t<div class=\"elementor-element elementor-element-54a5d89 elementor-widget elementor-widget-heading\" data-id=\"54a5d89\" data-element_type=\"widget\" data-widget_type=\"heading.default\">\n\t\t\t\t<div class=\"elementor-widget-container\">\n\t\t\t<h4 class=\"elementor-heading-title elementor-size-default\">adega<\/h4>\t\t<\/div>\n\t\t\t\t<\/div>\n\t\t\t\t<div class=\"elementor-element elementor-element-49580f0 elementor-widget elementor-widget-heading\" data-id=\"49580f0\" data-element_type=\"widget\" data-widget_type=\"heading.default\">\n\t\t\t\t<div class=\"elementor-widget-container\">\n\t\t\t<h4 class=\"elementor-heading-title elementor-size-default\">Xarenga<\/h4>\t\t<\/div>\n\t\t\t\t<\/div>\n\t\t\t\t<div class=\"elementor-element elementor-element-24f3e1a elementor-widget elementor-widget-text-editor\" data-id=\"24f3e1a\" data-element_type=\"widget\" data-widget_type=\"text-editor.default\">\n\t\t\t\t<div class=\"elementor-widget-container\">\n\t\t\t\t\t\t\t<div class=\"page\" title=\"Page 1\"><div class=\"section\"><div class=\"layoutArea\"><div class=\"column\"><p>A express\u00e3o popular \u201cXarenga\u201d identifica de imediato o Alentejo como a sua origem. Cheio de personalidade o XARENGA \u00e9 mais que um vinho\u2026 \u00e9 uma identidade, um alentejano de gema, s\u00f3 lhe faltando o sotaque.<br \/>Produzido nas margens da barragem do Alqueva, sobre solos predominantemente calc\u00e1rios, excelentes para a produ\u00e7\u00e3o de vinhos frescos e minerais, a partir de castas tradicionais cuja composi\u00e7\u00e3o (65% Alicante Bouchet, 15% Touriga Nacional, 10% Alfrocheiro, 5% Trincadeira e 5% Syrah) constitui um magnifico blend que ap\u00f3s um est\u00e1gio em barricas de carvalho franc\u00eas, deixa na boca uma suavidade inesquec\u00edvel.<\/p><\/div><\/div><\/div><\/div>\t\t\t\t\t\t<\/div>\n\t\t\t\t<\/div>\n\t\t<div class=\"elementor-element elementor-element-c398639 e-grid e-con-full e-con e-child\" data-id=\"c398639\" data-element_type=\"container\">\n\t\t\t\t<div class=\"elementor-element elementor-element-6fca4a2 elementor-widget elementor-widget-button\" data-id=\"6fca4a2\" data-element_type=\"widget\" data-widget_type=\"button.default\">\n\t\t\t\t<div class=\"elementor-widget-container\">\n\t\t\t\t\t\t\t<div class=\"elementor-button-wrapper\">\n\t\t\t\t\t<a class=\"elementor-button elementor-button-link elementor-size-sm\" href=\"https:\/\/neowines.pt\/?page_id=124\">\n\t\t\t\t\t\t<span class=\"elementor-button-content-wrapper\">\n\t\t\t\t\t\t\t\t\t<span class=\"elementor-button-text\">Encomendar<\/span>\n\t\t\t\t\t<\/span>\n\t\t\t\t\t<\/a>\n\t\t\t\t<\/div>\n\t\t\t\t\t\t<\/div>\n\t\t\t\t<\/div>\n\t\t\t\t<div class=\"elementor-element elementor-element-4d7e0e5 elementor-align-center elementor-widget elementor-widget-button\" data-id=\"4d7e0e5\" data-element_type=\"widget\" data-widget_type=\"button.default\">\n\t\t\t\t<div class=\"elementor-widget-container\">\n\t\t\t\t\t\t\t<div class=\"elementor-button-wrapper\">\n\t\t\t\t\t<a class=\"elementor-button elementor-button-link elementor-size-sm\" href=\"#\">\n\t\t\t\t\t\t<span class=\"elementor-button-content-wrapper\">\n\t\t\t\t\t\t\t\t\t<span class=\"elementor-button-text\">PvP 12,00\u20ac <br\/><span style=\"font-size:10px;\">(iva inclu\u00eddo)<\/span><\/span>\n\t\t\t\t\t<\/span>\n\t\t\t\t\t<\/a>\n\t\t\t\t<\/div>\n\t\t\t\t\t\t<\/div>\n\t\t\t\t<\/div>\n\t\t\t\t<div class=\"elementor-element elementor-element-bea7f6b elementor-widget elementor-widget-button\" data-id=\"bea7f6b\" data-element_type=\"widget\" data-widget_type=\"button.default\">\n\t\t\t\t<div class=\"elementor-widget-container\">\n\t\t\t\t\t\t\t<div class=\"elementor-button-wrapper\">\n\t\t\t\t\t<a class=\"elementor-button elementor-button-link elementor-size-sm\" href=\"https:\/\/neowines.pt\/wp-content\/uploads\/2024\/11\/Ficha-Tecnica-XARENGA-Tinto-Reserva.pdf\" target=\"_blank\">\n\t\t\t\t\t\t<span class=\"elementor-button-content-wrapper\">\n\t\t\t\t\t\t\t\t\t<span class=\"elementor-button-text\">ficha t\u00e9cnica<\/span>\n\t\t\t\t\t<\/span>\n\t\t\t\t\t<\/a>\n\t\t\t\t<\/div>\n\t\t\t\t\t\t<\/div>\n\t\t\t\t<\/div>\n\t\t\t\t<\/div>\n\t\t\t\t<\/div>\n\t\t\t\t\t<\/div>\n\t\t\t\t<\/div>\n\t\t<div class=\"elementor-element elementor-element-f4f9731 e-flex e-con-boxed e-con e-parent\" data-id=\"f4f9731\" data-element_type=\"container\" data-settings=\"{&quot;background_background&quot;:&quot;classic&quot;}\">\n\t\t\t\t\t<div class=\"e-con-inner\">\n\t\t<div class=\"elementor-element elementor-element-4e00ca6 e-con-full e-flex e-con e-child\" data-id=\"4e00ca6\" data-element_type=\"container\">\n\t\t\t\t<div class=\"elementor-element elementor-element-5051a3d elementor-widget elementor-widget-heading\" data-id=\"5051a3d\" data-element_type=\"widget\" data-widget_type=\"heading.default\">\n\t\t\t\t<div class=\"elementor-widget-container\">\n\t\t\t<h4 class=\"elementor-heading-title elementor-size-default\">xarenga<\/h4>\t\t<\/div>\n\t\t\t\t<\/div>\n\t\t\t\t<div class=\"elementor-element elementor-element-e72b25f elementor-widget elementor-widget-heading\" data-id=\"e72b25f\" data-element_type=\"widget\" data-widget_type=\"heading.default\">\n\t\t\t\t<div class=\"elementor-widget-container\">\n\t\t\t<h4 class=\"elementor-heading-title elementor-size-default\">Caracter\u00edsticas<\/h4>\t\t<\/div>\n\t\t\t\t<\/div>\n\t\t\t\t<div class=\"elementor-element elementor-element-066ed56 elementor-widget elementor-widget-text-editor\" data-id=\"066ed56\" data-element_type=\"widget\" data-widget_type=\"text-editor.default\">\n\t\t\t\t<div class=\"elementor-widget-container\">\n\t\t\t\t\t\t\t<div class=\"page\" title=\"Page 1\"><div class=\"section\"><div class=\"layoutArea\"><div class=\"column\"><div class=\"page\" title=\"Page 3\"><div class=\"section\"><div class=\"layoutArea\"><div class=\"column\"><p>Um vinho encorpado mas suave, tipicamente mediterra\u0302nico, produzido a partir de uvas selecionadas na vinha e na adega, vinificadas em conjunto. Passando por um processo de esmagamento suave e desengace total. A fermentac\u0327a\u0303o decorreu em temperatura controlada, em cubas de inox. Macerac\u0327a\u0303o peculiar durante cinco dias no final da fermentac\u0327a\u0303o<\/p><\/div><\/div><\/div><\/div><\/div><\/div><\/div><\/div>\t\t\t\t\t\t<\/div>\n\t\t\t\t<\/div>\n\t\t\t\t<div class=\"elementor-element elementor-element-039a1dc elementor-icon-list--layout-traditional elementor-list-item-link-full_width elementor-widget elementor-widget-icon-list\" data-id=\"039a1dc\" data-element_type=\"widget\" data-widget_type=\"icon-list.default\">\n\t\t\t\t<div class=\"elementor-widget-container\">\n\t\t\t\t\t<ul class=\"elementor-icon-list-items\">\n\t\t\t\t\t\t\t<li class=\"elementor-icon-list-item\">\n\t\t\t\t\t\t\t\t\t\t\t<span class=\"elementor-icon-list-icon\">\n\t\t\t\t\t\t\t<svg aria-hidden=\"true\" class=\"e-font-icon-svg e-fas-check\" viewBox=\"0 0 512 512\" xmlns=\"http:\/\/www.w3.org\/2000\/svg\"><path d=\"M173.898 439.404l-166.4-166.4c-9.997-9.997-9.997-26.206 0-36.204l36.203-36.204c9.997-9.998 26.207-9.998 36.204 0L192 312.69 432.095 72.596c9.997-9.997 26.207-9.997 36.204 0l36.203 36.204c9.997 9.997 9.997 26.206 0 36.204l-294.4 294.401c-9.998 9.997-26.207 9.997-36.204-.001z\"><\/path><\/svg>\t\t\t\t\t\t<\/span>\n\t\t\t\t\t\t\t\t\t\t<span class=\"elementor-icon-list-text\">Aroma a frutos do bosque com algumas notas de caf\u00e9<\/span>\n\t\t\t\t\t\t\t\t\t<\/li>\n\t\t\t\t\t\t\t\t<li class=\"elementor-icon-list-item\">\n\t\t\t\t\t\t\t\t\t\t\t<span class=\"elementor-icon-list-icon\">\n\t\t\t\t\t\t\t<svg aria-hidden=\"true\" class=\"e-font-icon-svg e-fas-check\" viewBox=\"0 0 512 512\" xmlns=\"http:\/\/www.w3.org\/2000\/svg\"><path d=\"M173.898 439.404l-166.4-166.4c-9.997-9.997-9.997-26.206 0-36.204l36.203-36.204c9.997-9.998 26.207-9.998 36.204 0L192 312.69 432.095 72.596c9.997-9.997 26.207-9.997 36.204 0l36.203 36.204c9.997 9.997 9.997 26.206 0 36.204l-294.4 294.401c-9.998 9.997-26.207 9.997-36.204-.001z\"><\/path><\/svg>\t\t\t\t\t\t<\/span>\n\t\t\t\t\t\t\t\t\t\t<span class=\"elementor-icon-list-text\">D\u00f3cil na boca, deixa um paladar prolongado e suave<\/span>\n\t\t\t\t\t\t\t\t\t<\/li>\n\t\t\t\t\t\t\t\t<li class=\"elementor-icon-list-item\">\n\t\t\t\t\t\t\t\t\t\t\t<span class=\"elementor-icon-list-icon\">\n\t\t\t\t\t\t\t<svg aria-hidden=\"true\" class=\"e-font-icon-svg e-fas-check\" viewBox=\"0 0 512 512\" xmlns=\"http:\/\/www.w3.org\/2000\/svg\"><path d=\"M173.898 439.404l-166.4-166.4c-9.997-9.997-9.997-26.206 0-36.204l36.203-36.204c9.997-9.998 26.207-9.998 36.204 0L192 312.69 432.095 72.596c9.997-9.997 26.207-9.997 36.204 0l36.203 36.204c9.997 9.997 9.997 26.206 0 36.204l-294.4 294.401c-9.998 9.997-26.207 9.997-36.204-.001z\"><\/path><\/svg>\t\t\t\t\t\t<\/span>\n\t\t\t\t\t\t\t\t\t\t<span class=\"elementor-icon-list-text\">\u00d3timo para acompanhar uma t\u00edpica refei\u00e7\u00e3o alentejana<\/span>\n\t\t\t\t\t\t\t\t\t<\/li>\n\t\t\t\t\t\t\t\t<li class=\"elementor-icon-list-item\">\n\t\t\t\t\t\t\t\t\t\t\t<span class=\"elementor-icon-list-icon\">\n\t\t\t\t\t\t\t<svg aria-hidden=\"true\" class=\"e-font-icon-svg e-fas-check\" viewBox=\"0 0 512 512\" xmlns=\"http:\/\/www.w3.org\/2000\/svg\"><path d=\"M173.898 439.404l-166.4-166.4c-9.997-9.997-9.997-26.206 0-36.204l36.203-36.204c9.997-9.998 26.207-9.998 36.204 0L192 312.69 432.095 72.596c9.997-9.997 26.207-9.997 36.204 0l36.203 36.204c9.997 9.997 9.997 26.206 0 36.204l-294.4 294.401c-9.998 9.997-26.207 9.997-36.204-.001z\"><\/path><\/svg>\t\t\t\t\t\t<\/span>\n\t\t\t\t\t\t\t\t\t\t<span class=\"elementor-icon-list-text\">Consumir de prefer\u00eancia entre 16\u00ba C e 18\u00ba C<\/span>\n\t\t\t\t\t\t\t\t\t<\/li>\n\t\t\t\t\t\t<\/ul>\n\t\t\t\t<\/div>\n\t\t\t\t<\/div>\n\t\t<div class=\"elementor-element elementor-element-ce3d0b9 e-grid e-con-full e-con e-child\" data-id=\"ce3d0b9\" data-element_type=\"container\">\n\t\t\t\t<div class=\"elementor-element elementor-element-70f8617 elementor-widget elementor-widget-image\" data-id=\"70f8617\" data-element_type=\"widget\" data-widget_type=\"image.default\">\n\t\t\t\t<div class=\"elementor-widget-container\">\n\t\t\t\t\t\t\t\t\t\t\t\t\t<img decoding=\"async\" width=\"352\" height=\"516\" src=\"https:\/\/neowines.pt\/wp-content\/uploads\/2024\/10\/01.jpg\" class=\"attachment-large size-large wp-image-79\" alt=\"\" srcset=\"https:\/\/neowines.pt\/wp-content\/uploads\/2024\/10\/01.jpg 352w, https:\/\/neowines.pt\/wp-content\/uploads\/2024\/10\/01-205x300.jpg 205w\" sizes=\"(max-width: 352px) 100vw, 352px\" \/>\t\t\t\t\t\t\t\t\t\t\t\t\t<\/div>\n\t\t\t\t<\/div>\n\t\t\t\t<div class=\"elementor-element elementor-element-10950d5 elementor-widget elementor-widget-image\" data-id=\"10950d5\" data-element_type=\"widget\" data-widget_type=\"image.default\">\n\t\t\t\t<div class=\"elementor-widget-container\">\n\t\t\t\t\t\t\t\t\t\t\t\t\t<img decoding=\"async\" width=\"352\" height=\"516\" src=\"https:\/\/neowines.pt\/wp-content\/uploads\/2024\/10\/02.jpg\" class=\"attachment-large size-large wp-image-80\" alt=\"\" srcset=\"https:\/\/neowines.pt\/wp-content\/uploads\/2024\/10\/02.jpg 352w, https:\/\/neowines.pt\/wp-content\/uploads\/2024\/10\/02-205x300.jpg 205w\" sizes=\"(max-width: 352px) 100vw, 352px\" \/>\t\t\t\t\t\t\t\t\t\t\t\t\t<\/div>\n\t\t\t\t<\/div>\n\t\t\t\t<div class=\"elementor-element elementor-element-ae88d19 elementor-widget elementor-widget-image\" data-id=\"ae88d19\" data-element_type=\"widget\" data-widget_type=\"image.default\">\n\t\t\t\t<div class=\"elementor-widget-container\">\n\t\t\t\t\t\t\t\t\t\t\t\t\t<img loading=\"lazy\" decoding=\"async\" width=\"352\" height=\"516\" src=\"https:\/\/neowines.pt\/wp-content\/uploads\/2024\/10\/03.jpg\" class=\"attachment-large size-large wp-image-81\" alt=\"\" srcset=\"https:\/\/neowines.pt\/wp-content\/uploads\/2024\/10\/03.jpg 352w, https:\/\/neowines.pt\/wp-content\/uploads\/2024\/10\/03-205x300.jpg 205w\" sizes=\"(max-width: 352px) 100vw, 352px\" \/>\t\t\t\t\t\t\t\t\t\t\t\t\t<\/div>\n\t\t\t\t<\/div>\n\t\t\t\t<\/div>\n\t\t\t\t<\/div>\n\t\t<div class=\"elementor-element elementor-element-77eb559 e-con-full e-flex e-con e-child\" data-id=\"77eb559\" data-element_type=\"container\">\n\t\t\t\t<div class=\"elementor-element elementor-element-6b12f16 elementor-widget elementor-widget-image\" data-id=\"6b12f16\" data-element_type=\"widget\" data-widget_type=\"image.default\">\n\t\t\t\t<div class=\"elementor-widget-container\">\n\t\t\t\t\t\t\t\t\t\t\t\t\t<img loading=\"lazy\" decoding=\"async\" width=\"564\" height=\"1024\" src=\"https:\/\/neowines.pt\/wp-content\/uploads\/2024\/10\/Garraga-Copo-Xarenga-564x1024.jpg\" class=\"attachment-large size-large wp-image-114\" alt=\"\" srcset=\"https:\/\/neowines.pt\/wp-content\/uploads\/2024\/10\/Garraga-Copo-Xarenga-564x1024.jpg 564w, https:\/\/neowines.pt\/wp-content\/uploads\/2024\/10\/Garraga-Copo-Xarenga-165x300.jpg 165w, https:\/\/neowines.pt\/wp-content\/uploads\/2024\/10\/Garraga-Copo-Xarenga-768x1393.jpg 768w, https:\/\/neowines.pt\/wp-content\/uploads\/2024\/10\/Garraga-Copo-Xarenga-847x1536.jpg 847w, https:\/\/neowines.pt\/wp-content\/uploads\/2024\/10\/Garraga-Copo-Xarenga.jpg 980w\" sizes=\"(max-width: 564px) 100vw, 564px\" \/>\t\t\t\t\t\t\t\t\t\t\t\t\t<\/div>\n\t\t\t\t<\/div>\n\t\t\t\t<\/div>\n\t\t\t\t\t<\/div>\n\t\t\t\t<\/div>\n\t\t\t\t<\/div>\n\t\t","protected":false},"excerpt":{"rendered":"<p>adega Xarenga A express\u00e3o popular \u201cXarenga\u201d identifica de imediato o Alentejo como a sua origem. Cheio de personalidade o XARENGA \u00e9 mais que um vinho\u2026 \u00e9 uma identidade, um alentejano de gema, s\u00f3 lhe faltando o sotaque.Produzido nas margens da barragem do Alqueva, sobre solos predominantemente calc\u00e1rios, excelentes para a produ\u00e7\u00e3o de vinhos frescos e [&hellip;]<\/p>\n","protected":false},"author":1,"featured_media":0,"parent":0,"menu_order":0,"comment_status":"closed","ping_status":"closed","template":"","meta":{"footnotes":""},"class_list":["post-104","page","type-page","status-publish","hentry"],"_links":{"self":[{"href":"https:\/\/neowines.pt\/index.php?rest_route=\/wp\/v2\/pages\/104","targetHints":{"allow":["GET"]}}],"collection":[{"href":"https:\/\/neowines.pt\/index.php?rest_route=\/wp\/v2\/pages"}],"about":[{"href":"https:\/\/neowines.pt\/index.php?rest_route=\/wp\/v2\/types\/page"}],"author":[{"embeddable":true,"href":"https:\/\/neowines.pt\/index.php?rest_route=\/wp\/v2\/users\/1"}],"replies":[{"embeddable":true,"href":"https:\/\/neowines.pt\/index.php?rest_route=%2Fwp%2Fv2%2Fcomments&post=104"}],"version-history":[{"count":19,"href":"https:\/\/neowines.pt\/index.php?rest_route=\/wp\/v2\/pages\/104\/revisions"}],"predecessor-version":[{"id":269,"href":"https:\/\/neowines.pt\/index.php?rest_route=\/wp\/v2\/pages\/104\/revisions\/269"}],"wp:attachment":[{"href":"https:\/\/neowines.pt\/index.php?rest_route=%2Fwp%2Fv2%2Fmedia&parent=104"}],"curies":[{"name":"wp","href":"https:\/\/api.w.org\/{rel}","templated":true}]}}