{"id":91,"date":"2024-10-31T14:19:12","date_gmt":"2024-10-31T14:19:12","guid":{"rendered":"https:\/\/neowines.pt\/?page_id=91"},"modified":"2024-11-07T12:31:02","modified_gmt":"2024-11-07T12:31:02","slug":"sobre-nos","status":"publish","type":"page","link":"https:\/\/neowines.pt\/?page_id=91","title":{"rendered":"Sobre N\u00f3s"},"content":{"rendered":"\t\t<div data-elementor-type=\"wp-page\" data-elementor-id=\"91\" class=\"elementor elementor-91\" data-elementor-post-type=\"page\">\n\t\t\t\t<div class=\"elementor-element elementor-element-8394973 e-flex e-con-boxed e-con e-parent\" data-id=\"8394973\" data-element_type=\"container\" data-settings=\"{&quot;background_background&quot;:&quot;classic&quot;}\">\n\t\t\t\t\t<div class=\"e-con-inner\">\n\t\t<div class=\"elementor-element elementor-element-eaee188 e-con-full e-flex e-con e-child\" data-id=\"eaee188\" data-element_type=\"container\">\n\t\t\t\t<div class=\"elementor-element elementor-element-dde4078 elementor-widget elementor-widget-heading\" data-id=\"dde4078\" data-element_type=\"widget\" data-widget_type=\"heading.default\">\n\t\t\t\t<div class=\"elementor-widget-container\">\n\t\t\t<h4 class=\"elementor-heading-title elementor-size-default\">Quem somos<\/h4>\t\t<\/div>\n\t\t\t\t<\/div>\n\t\t\t\t<div class=\"elementor-element elementor-element-dafe17e elementor-widget elementor-widget-text-editor\" data-id=\"dafe17e\" data-element_type=\"widget\" data-widget_type=\"text-editor.default\">\n\t\t\t\t<div class=\"elementor-widget-container\">\n\t\t\t\t\t\t\t<div class=\"page\" title=\"Page 1\"><div class=\"section\"><div class=\"layoutArea\"><div class=\"column\"><p>O momento de disfrutar um bom vinho \u00e9 um privil\u00e9gio dos Deuses. Relaxe e aprecie sozinho, com amigos ou em fam\u00edlia<\/p><p>Escolhemos os melhores vinhos de cada regi\u00e3o, com especial requinte e eleg\u00e2ncia especificamente para si<\/p><p>As nossa marcas s\u00e3o exclusivas e transmitem a profunda ess\u00eancia de cada regi\u00e3o, traduzindo as especificidades dos solos e clima que identificam Portugal como um extraordin\u00e1rio produtor de vinhos de excel\u00eancia<\/p><\/div><\/div><\/div><\/div>\t\t\t\t\t\t<\/div>\n\t\t\t\t<\/div>\n\t\t\t\t<div class=\"elementor-element elementor-element-f4fdacc elementor-widget elementor-widget-button\" data-id=\"f4fdacc\" data-element_type=\"widget\" data-widget_type=\"button.default\">\n\t\t\t\t<div class=\"elementor-widget-container\">\n\t\t\t\t\t\t\t<div class=\"elementor-button-wrapper\">\n\t\t\t\t\t<a class=\"elementor-button elementor-button-link elementor-size-sm\" href=\"https:\/\/neowines.pt\/?page_id=104\">\n\t\t\t\t\t\t<span class=\"elementor-button-content-wrapper\">\n\t\t\t\t\t\t\t\t\t<span class=\"elementor-button-text\">Venha provar os nossos vinhos<\/span>\n\t\t\t\t\t<\/span>\n\t\t\t\t\t<\/a>\n\t\t\t\t<\/div>\n\t\t\t\t\t\t<\/div>\n\t\t\t\t<\/div>\n\t\t\t\t<\/div>\n\t\t<div class=\"elementor-element elementor-element-83dc72f e-con-full e-flex e-con e-child\" data-id=\"83dc72f\" data-element_type=\"container\">\n\t\t\t\t<div class=\"elementor-element elementor-element-4e9ad17 elementor-widget elementor-widget-image\" data-id=\"4e9ad17\" data-element_type=\"widget\" data-widget_type=\"image.default\">\n\t\t\t\t<div class=\"elementor-widget-container\">\n\t\t\t\t\t\t\t\t\t\t\t\t\t<img fetchpriority=\"high\" decoding=\"async\" width=\"684\" height=\"1024\" src=\"https:\/\/neowines.pt\/wp-content\/uploads\/2024\/10\/Sobre-nos-684x1024.png\" class=\"attachment-large size-large wp-image-93\" alt=\"\" srcset=\"https:\/\/neowines.pt\/wp-content\/uploads\/2024\/10\/Sobre-nos-684x1024.png 684w, https:\/\/neowines.pt\/wp-content\/uploads\/2024\/10\/Sobre-nos-200x300.png 200w, https:\/\/neowines.pt\/wp-content\/uploads\/2024\/10\/Sobre-nos-768x1150.png 768w, https:\/\/neowines.pt\/wp-content\/uploads\/2024\/10\/Sobre-nos.png 836w\" sizes=\"(max-width: 684px) 100vw, 684px\" \/>\t\t\t\t\t\t\t\t\t\t\t\t\t<\/div>\n\t\t\t\t<\/div>\n\t\t\t\t<\/div>\n\t\t\t\t\t<\/div>\n\t\t\t\t<\/div>\n\t\t<div class=\"elementor-element elementor-element-099a87b e-flex e-con-boxed e-con e-parent\" data-id=\"099a87b\" data-element_type=\"container\" data-settings=\"{&quot;background_background&quot;:&quot;classic&quot;}\">\n\t\t\t\t\t<div class=\"e-con-inner\">\n\t\t<div class=\"elementor-element elementor-element-f4e9abf e-con-full e-flex e-con e-child\" data-id=\"f4e9abf\" data-element_type=\"container\" data-settings=\"{&quot;background_background&quot;:&quot;classic&quot;}\">\n\t\t\t\t<div class=\"elementor-element elementor-element-24ed6fb elementor-widget elementor-widget-image\" data-id=\"24ed6fb\" data-element_type=\"widget\" data-widget_type=\"image.default\">\n\t\t\t\t<div class=\"elementor-widget-container\">\n\t\t\t\t\t\t\t\t\t\t\t\t\t<img decoding=\"async\" width=\"800\" height=\"924\" src=\"https:\/\/neowines.pt\/wp-content\/uploads\/2024\/10\/HP-Vinho-887x1024.jpg\" class=\"attachment-large size-large wp-image-78\" alt=\"\" srcset=\"https:\/\/neowines.pt\/wp-content\/uploads\/2024\/10\/HP-Vinho-887x1024.jpg 887w, https:\/\/neowines.pt\/wp-content\/uploads\/2024\/10\/HP-Vinho-260x300.jpg 260w, https:\/\/neowines.pt\/wp-content\/uploads\/2024\/10\/HP-Vinho-768x887.jpg 768w, https:\/\/neowines.pt\/wp-content\/uploads\/2024\/10\/HP-Vinho.jpg 1046w\" sizes=\"(max-width: 800px) 100vw, 800px\" \/>\t\t\t\t\t\t\t\t\t\t\t\t\t<\/div>\n\t\t\t\t<\/div>\n\t\t\t\t<\/div>\n\t\t<div class=\"elementor-element elementor-element-b3bd50c e-con-full e-flex e-con e-child\" data-id=\"b3bd50c\" data-element_type=\"container\" data-settings=\"{&quot;background_background&quot;:&quot;classic&quot;}\">\n\t\t\t\t<div class=\"elementor-element elementor-element-0982e33 elementor-widget elementor-widget-spacer\" data-id=\"0982e33\" data-element_type=\"widget\" data-widget_type=\"spacer.default\">\n\t\t\t\t<div class=\"elementor-widget-container\">\n\t\t\t\t\t<div class=\"elementor-spacer\">\n\t\t\t<div class=\"elementor-spacer-inner\"><\/div>\n\t\t<\/div>\n\t\t\t\t<\/div>\n\t\t\t\t<\/div>\n\t\t\t\t<div class=\"elementor-element elementor-element-b396e01 elementor-widget elementor-widget-heading\" data-id=\"b396e01\" data-element_type=\"widget\" data-widget_type=\"heading.default\">\n\t\t\t\t<div class=\"elementor-widget-container\">\n\t\t\t<h4 class=\"elementor-heading-title elementor-size-default\">Sobre N\u00f3s <\/h4>\t\t<\/div>\n\t\t\t\t<\/div>\n\t\t\t\t<div class=\"elementor-element elementor-element-2418193 elementor-widget elementor-widget-heading\" data-id=\"2418193\" data-element_type=\"widget\" data-widget_type=\"heading.default\">\n\t\t\t\t<div class=\"elementor-widget-container\">\n\t\t\t<h4 class=\"elementor-heading-title elementor-size-default\">Conhe\u00e7a-nos<\/h4>\t\t<\/div>\n\t\t\t\t<\/div>\n\t\t\t\t<div class=\"elementor-element elementor-element-b662404 elementor-widget elementor-widget-spacer\" data-id=\"b662404\" data-element_type=\"widget\" data-widget_type=\"spacer.default\">\n\t\t\t\t<div class=\"elementor-widget-container\">\n\t\t\t\t\t<div class=\"elementor-spacer\">\n\t\t\t<div class=\"elementor-spacer-inner\"><\/div>\n\t\t<\/div>\n\t\t\t\t<\/div>\n\t\t\t\t<\/div>\n\t\t<div class=\"elementor-element elementor-element-80a2762 e-con-full e-flex e-con e-child\" data-id=\"80a2762\" data-element_type=\"container\">\n\t\t\t\t<div class=\"elementor-element elementor-element-7942fe9 elementor-icon-list--layout-traditional elementor-list-item-link-full_width elementor-widget elementor-widget-icon-list\" data-id=\"7942fe9\" data-element_type=\"widget\" data-widget_type=\"icon-list.default\">\n\t\t\t\t<div class=\"elementor-widget-container\">\n\t\t\t\t\t<ul class=\"elementor-icon-list-items\">\n\t\t\t\t\t\t\t<li class=\"elementor-icon-list-item\">\n\t\t\t\t\t\t\t\t\t\t\t<span class=\"elementor-icon-list-icon\">\n\t\t\t\t\t\t\t<svg xmlns=\"http:\/\/www.w3.org\/2000\/svg\" id=\"Camada_1\" viewBox=\"0 0 141.73 141.73\"><path d=\"M32.28,102.28l-4.49,17.01,8.89,2.85-1.13,4.4-23.13-7.73,1.64-4.36,9.37,3.27,5.26-16.03c-28.22-14.89-13.02-41.45,2.06-59.84l36.25,13.01c.74,22.44-4.06,55.4-34.73,47.41ZM62.04,69.21c.81-2.93,2.49-10.63.02-12.69l-29.23-9.4c-3.29.31-12.6,17.82-12.68,22.09h41.89ZM17.95,72.52c-8.56,22.39,29.29,37.43,39.39,16.79,1.3-2.65,4.25-11.87,4.27-14.53,0-1.3-.11-1.44-1.22-2.26H17.95Z\"><\/path><path d=\"M112.83,100.18l5.39,17.09,9.95-2.86,1.13,4.4-24.26,7.73.16-4.25,8.66-2.37-6.21-17.55c-30.1,6.96-34.42-26.47-33.33-48.44l35.06-11.81c5.29-.46,17.99,26.72,18.71,32.14,1.63,12.28-3.46,21.84-15.26,25.92ZM80.23,69.21h41.34l-11.22-21.86-30.69,9.17c-1.85,1.54-1.84,11.95.57,12.69ZM79.68,72.52c1.69,13.64,5.24,26.61,21.5,26.55,12.66-.05,29.74-13.49,20.95-26.55h-42.44Z\"><\/path><path d=\"M90.17,22.92l2.74,1.67c.77,2.88-7.32,11.97-9.9,5.49l7.16-7.16Z\"><\/path><polygon points=\"50.47 22.93 57.61 30.08 54.72 32.74 47.79 26.63 50.47 22.93\"><\/polygon><polygon points=\"73.06 15.19 72.9 24.46 72.01 25.66 68.67 26.22 68.66 15.19 73.06 15.19\"><\/polygon><\/svg>\t\t\t\t\t\t<\/span>\n\t\t\t\t\t\t\t\t\t\t<span class=\"elementor-icon-list-text\">Apreciamos sobretudo vinhos de excel\u00eancia e queremos partilhar essa qualidade consigo<\/span>\n\t\t\t\t\t\t\t\t\t<\/li>\n\t\t\t\t\t\t\t\t<li class=\"elementor-icon-list-item\">\n\t\t\t\t\t\t\t\t\t\t\t<span class=\"elementor-icon-list-icon\">\n\t\t\t\t\t\t\t<svg xmlns=\"http:\/\/www.w3.org\/2000\/svg\" id=\"Camada_1\" viewBox=\"0 0 141.73 141.73\"><path d=\"M78.63,89.48l26.45-7.7c1.74,1.86-6.59,22.8-7.71,26.44l26.45-7.7c1.33,4.68-3.72,10.91-3.32,14.85.37,3.62,9.3,8.69,10.54,11.65.6,1.43-.24,5.22-2.23,4.35l-13.58-13.92,3.08-11.43c-3.64,1.12-24.58,9.45-26.44,7.71l7.7-26.45c-3.64,1.12-24.59,9.45-26.44,7.71l4.18-14.73-9.15-9.5c-6.14,5.6-13.1,11.8-20.05,16.31-3.36,2.18-18.07,10.61-21,11.05-5,.75-16.97-11.18-16.59-15.61.14-1.59,7.74-15.83,9.22-18.29,5.01-8.29,11.36-15.88,18.02-22.84-.36-3.66-7.14-4.73-4.36-8.69,2.55-3.63,6.06,3.84,8.3,4.96,6.71-7.25,32.86-27.6,41.91-27.42,5.44.11,15.14,10.48,14.95,15.83-.34,9.66-19.65,33.16-26.47,40.97,6.4,9.04,13.82,9.95,6.54,22.44ZM82.76,14.68c-1.56.22-10.45,5.07-12.59,6.28-17.7,9.99-34.09,26.05-45.15,43.04-5.13,7.88-13.32,17.56-5.36,25.49,6.1,6.07,9.05,3.59,15.61.2,18.92-9.8,37.9-27.58,49.33-45.48,2.02-3.16,9.33-15.35,9.48-18.2.21-3.96-7.96-11.79-11.32-11.33Z\"><\/path><\/svg>\t\t\t\t\t\t<\/span>\n\t\t\t\t\t\t\t\t\t\t<span class=\"elementor-icon-list-text\">Somos exigentes e meticulosos na procura permanente e incans\u00e1vel dos melhores n\u00e9ctares para o surpreender<\/span>\n\t\t\t\t\t\t\t\t\t<\/li>\n\t\t\t\t\t\t\t\t<li class=\"elementor-icon-list-item\">\n\t\t\t\t\t\t\t\t\t\t\t<span class=\"elementor-icon-list-icon\">\n\t\t\t\t\t\t\t<svg xmlns=\"http:\/\/www.w3.org\/2000\/svg\" id=\"Camada_1\" viewBox=\"0 0 141.73 141.73\"><defs><style>      .st0 {        fill: #fff;      }    <\/style><\/defs><path d=\"M83.2,27l12.21-4.86c2.88,1.17.79,6.72,1.64,7.73l16.65,3.05c2.34,2.51-8.67,13.12-10.82,15.25,4.8,3.9,6.26,7.63-.99,9.35-1.05-1.58.11-4.96-.47-5.89-1.03-1.65-5.61-2.03-4.47-5.92,3.62,1.67,11.72-8.63,10.83-9.85-5.43-1.04-10.2-3.21-15.23,0-3.25-2.25,1.09-5.6.47-8.86l-7.86,1.97.98,12.8c-4.79-1.06-3.7,1.71-5.91,4.91,7.8-2.37,13.91,3.88,11.37,11.87-.78,2.44-5.01,4.35-4.47,4.86,3.7,3.52,12.45,2.44,10.68-4.19-.86-3.21-6.47-2.8-4.77-7.6,9.54.9,12.12,13.78,2.99,17.28-1.52.58-3.67.05-4.74.67-.71.41-1.61,3.8-4.41,4.94-2.15.87-4.19.38-5.92.97-3.8,1.3-4.75,5.61-11.84,3.5-2.73-.81-4.04-5-4.86-5.47-1.07-.61-3.53-.17-5.44-.97-7.44-3.11-4.21-8.31-4.49-13.41-.1-1.85-1.71-3.54-1.61-5.95.1-2.54,2.51-5.01,2.54-6.01s-1.44-2.46-1.6-4c-1-9.61,11.97-14.11,16.73-5.34-3.67,2.46-5.81-1.23-8.31-1.03-3.84.3-6,6-3.02,8.94,4.6,4.54,4.67-3.05,7.15-4.96,2.48-1.91,6.31-2.64,9.1-.96.39-2.3.7-5.63,1.74-7.65.66-1.29,4.65-2.95,3.19-4.17-.91-.76-4.31,2.72-6.48,2.95-9.19.95-12.64-13.6-.41-12.3-10.59-12.97-22.16,7.67-23.52,17.82-.57,4.25,1.76,9.82-2.57,11.21-6.17-11.84,7.52-40.91,22.19-36.94,6.77,1.83,10.23,10.9,13.78,16.26ZM76.28,24.07c-2.45-.69-8.4-3.47-6.87,1.45.74,2.39,7.5,2.37,6.87-1.45ZM70.08,42.92c-5.76,1.76-3.32,11.62,3.54,9.52,5.76-1.76,3.32-11.62-3.54-9.52ZM57.58,61.47c-1.64,6.49,4.26,10.92,8.74,5.42-5.52-4.56-1.43-8.32-1.09-11.98.16-1.72-2.18-4.07-1.77-6.23l-1.55,2.06c-2.34.28-5.54-3.67-5.27,3.29.21,5.38,5.52,3.7,5.91,5.05l-.06,3.37-4.91-.98ZM86.87,50.88c-5.88-5.98-13.83,9.12-3.18,8.67,4.84-.2,5.83-5.98,3.18-8.67ZM75.14,56.7c-1.16-.7-5,.35-6.73-1.15-3.02,9.05,2.42,12.09,9.84,6.88-1.22-.9-2.83-5.56-3.11-5.73ZM86.13,63.44c-4.27-2.52-6.61,2.47-8.48,3.81-4.07,2.93-9-.5-11.2,5.02,4.21,2.47,5.75,6.08,10.8,1.5l-2.93-4.42c5.27-2.45,5.26,4.04,11.59,1.31,3.88-1.68.64-3.8-.15-5.26-.42-.77.45-1.91.36-1.96Z\"><\/path><path d=\"M130.43,89.03v20.18l-119.13.49v-19.2l1.48-1.48h117.65ZM127.48,92.97H15.24v13.78h110.76c3.02-3.41.86-9.41,1.48-13.78Z\"><\/path><polygon points=\"15.24 112.66 15.24 126.94 127.48 127.43 127.48 112.66 130.43 112.66 130.43 131.37 12.78 131.37 11.3 129.89 11.3 112.66 15.24 112.66\"><\/polygon><path d=\"M28.53,71.31c2.71.84,1.04,11.12,1.47,13.79h-3.93s-.57-9.87-.57-9.87h-10.27s0,9.87,0,9.87h-3.93v-13.79h17.23Z\"><\/path><path d=\"M129.44,71.31v13.78h-3.93s0-9.85,0-9.85h-10.27s-.57,9.85-.57,9.85h-3.93c.6-4.37-1.54-10.38,1.47-13.79h17.23Z\"><\/path><path d=\"M69.39,80.18c-5.47,9.74-18.46,3.04-15.61-7.26.16-.59,1.16-2.06,1.83-1.13,3.52,2.37.24,6.73,4.2,8.65,3.74,1.81,5.64-2.39,9.58-.26Z\"><\/path><path class=\"st0\" d=\"M86.13,63.44c.09.05-.78,1.19-.36,1.96.78,1.45,4.03,3.58.15,5.26-6.34,2.74-6.33-3.76-11.59-1.31l2.93,4.42c-5.05,4.58-6.59.97-10.8-1.5,2.2-5.52,7.13-2.1,11.2-5.02,1.87-1.34,4.21-6.34,8.48-3.81Z\"><\/path><\/svg>\t\t\t\t\t\t<\/span>\n\t\t\t\t\t\t\t\t\t\t<span class=\"elementor-icon-list-text\">Mantemos uma rela\u00e7\u00e3o de cumplicidade e intera\u00e7\u00e3o di\u00e1ria com todos os nossos parceiros e clientes<\/span>\n\t\t\t\t\t\t\t\t\t<\/li>\n\t\t\t\t\t\t<\/ul>\n\t\t\t\t<\/div>\n\t\t\t\t<\/div>\n\t\t\t\t<div class=\"elementor-element elementor-element-50794b5 elementor-widget elementor-widget-spacer\" data-id=\"50794b5\" data-element_type=\"widget\" data-widget_type=\"spacer.default\">\n\t\t\t\t<div class=\"elementor-widget-container\">\n\t\t\t\t\t<div class=\"elementor-spacer\">\n\t\t\t<div class=\"elementor-spacer-inner\"><\/div>\n\t\t<\/div>\n\t\t\t\t<\/div>\n\t\t\t\t<\/div>\n\t\t\t\t<\/div>\n\t\t\t\t<div class=\"elementor-element elementor-element-de8eb5e elementor-align-justify elementor-widget elementor-widget-button\" data-id=\"de8eb5e\" data-element_type=\"widget\" data-widget_type=\"button.default\">\n\t\t\t\t<div class=\"elementor-widget-container\">\n\t\t\t\t\t\t\t<div class=\"elementor-button-wrapper\">\n\t\t\t\t\t<a class=\"elementor-button elementor-button-link elementor-size-sm\" href=\"https:\/\/neowines.pt\/?page_id=91\">\n\t\t\t\t\t\t<span class=\"elementor-button-content-wrapper\">\n\t\t\t\t\t\t\t\t\t<span class=\"elementor-button-text\">Sobre N\u00f3s<\/span>\n\t\t\t\t\t<\/span>\n\t\t\t\t\t<\/a>\n\t\t\t\t<\/div>\n\t\t\t\t\t\t<\/div>\n\t\t\t\t<\/div>\n\t\t\t\t<\/div>\n\t\t\t\t\t<\/div>\n\t\t\t\t<\/div>\n\t\t\t\t<\/div>\n\t\t","protected":false},"excerpt":{"rendered":"<p>Quem somos O momento de disfrutar um bom vinho \u00e9 um privil\u00e9gio dos Deuses. Relaxe e aprecie sozinho, com amigos ou em fam\u00edlia Escolhemos os melhores vinhos de cada regi\u00e3o, com especial requinte e eleg\u00e2ncia especificamente para si As nossa marcas s\u00e3o exclusivas e transmitem a profunda ess\u00eancia de cada regi\u00e3o, traduzindo as especificidades dos [&hellip;]<\/p>\n","protected":false},"author":1,"featured_media":0,"parent":0,"menu_order":0,"comment_status":"closed","ping_status":"closed","template":"","meta":{"footnotes":""},"class_list":["post-91","page","type-page","status-publish","hentry"],"_links":{"self":[{"href":"https:\/\/neowines.pt\/index.php?rest_route=\/wp\/v2\/pages\/91","targetHints":{"allow":["GET"]}}],"collection":[{"href":"https:\/\/neowines.pt\/index.php?rest_route=\/wp\/v2\/pages"}],"about":[{"href":"https:\/\/neowines.pt\/index.php?rest_route=\/wp\/v2\/types\/page"}],"author":[{"embeddable":true,"href":"https:\/\/neowines.pt\/index.php?rest_route=\/wp\/v2\/users\/1"}],"replies":[{"embeddable":true,"href":"https:\/\/neowines.pt\/index.php?rest_route=%2Fwp%2Fv2%2Fcomments&post=91"}],"version-history":[{"count":25,"href":"https:\/\/neowines.pt\/index.php?rest_route=\/wp\/v2\/pages\/91\/revisions"}],"predecessor-version":[{"id":208,"href":"https:\/\/neowines.pt\/index.php?rest_route=\/wp\/v2\/pages\/91\/revisions\/208"}],"wp:attachment":[{"href":"https:\/\/neowines.pt\/index.php?rest_route=%2Fwp%2Fv2%2Fmedia&parent=91"}],"curies":[{"name":"wp","href":"https:\/\/api.w.org\/{rel}","templated":true}]}}